{"id":6342,"date":"2022-02-01T13:19:31","date_gmt":"2022-02-01T13:19:31","guid":{"rendered":"https:\/\/crn.mr\/fr\/?page_id=6342"},"modified":"2022-02-01T13:19:31","modified_gmt":"2022-02-01T13:19:31","slug":"pcaea-2","status":"publish","type":"page","link":"https:\/\/region-nouakchott.mr\/fr\/?page_id=6342","title":{"rendered":"PCAEA 2"},"content":{"rendered":"<p><img data-recalc-dims=\"1\" decoding=\"async\" class=\"alignnone size-full wp-image-6343\" src=\"https:\/\/i0.wp.com\/crn.mr\/fr\/wp-content\/uploads\/2022\/02\/PCAEA2-1.jpg?resize=485%2C100&#038;ssl=1\" alt=\"\" width=\"485\" height=\"100\" \/><\/p>\n<p><strong>Projet communautaire Pour l\u2019Acc\u00e8s \u00e0 l\u2019Eau et l\u2019Assainissement \u2013 Phase 2\u00a0<\/strong><strong>(PCAEA 2)<\/strong><\/p>\n<p><strong><u>Contexte du projet\u00a0:<\/u><\/strong><\/p>\n<p>Am\u00e9liorer l\u2019acc\u00e8s \u00e0 l\u2019eau et \u00e0 l\u2019assainissement des populations d\u00e9favoris\u00e9es de la ville de Nouakchott, mais aussi de fa\u00e7on induite avoir un impact dans d\u2019autres domaines, tels que la sant\u00e9 ou l\u2019\u00e9ducation<\/p>\n<p><strong><u>OBJECTIFS<\/u><\/strong><\/p>\n<p><strong><u>G\u00e9n\u00e9ral<\/u><\/strong>\u00a0:<\/p>\n<p>Dans le cadre de sa politique visant \u00e0 d\u00e9velopper l\u2019acc\u00e8s \u00e0 l\u2019eau potable et l\u2019assainissement des populations de Nouakchott, la R\u00e9gion de Nouakchott (RN) a mis en place, en partenariat avec la Ville de Lausanne et l\u2019Association Internationale des Maires Francophones (AIMF), un projet d\u2019eau, le PCAEA 2 (Projet Communautaire pour l\u2019Acc\u00e8s \u00e0 l\u2019Eau et l\u2019Assainissement phase 2).<\/p>\n<p><strong><u>Sp\u00e9cifiques\u00a0:<\/u><\/strong><\/p>\n<p>\u2013 Am\u00e9liorer l\u2019acc\u00e8s et la qualit\u00e9 de l\u2019eau des populations d\u00e9favoris\u00e9es dans la zone de Tarhil par l\u2019extension du r\u00e9seau d\u2019eau, le subventionnement des raccordements des m\u00e9nages au r\u00e9seau et la cr\u00e9ation de deux nouvelles bornes fontaines. L\u2019acc\u00e8s \u00e0 l\u2019eau est \u00e9galement am\u00e9lior\u00e9 pour les \u00e9l\u00e8ves des quartiers d\u00e9favoris\u00e9s gr\u00e2ce au raccordement de 16 \u00e9coles au r\u00e9seau d\u2019eau.<\/p>\n<p>\u2013 Sensibiliser les habitants dans la zone de Tarhil, notamment les \u00e9l\u00e8ves, les m\u00e9nages aux probl\u00e8mes li\u00e9s \u00e0 l\u2019eau (hygi\u00e8ne, probl\u00e9matique des fraudes sur le r\u00e9seau, gaspillage de l\u2019eau).<\/p>\n<p>\u2013 Former les utilisateurs et les gestionnaires des toilettes \u00e9cologiques construites dans le cadre du partenariat sur leur bonne utilisation et leur maintenance.<\/p>\n<p>\u2013 Am\u00e9liorer l\u2019acc\u00e8s \u00e0 l\u2019assainissement dans les \u00e9coles et centres de sant\u00e9 de Riyad.<\/p>\n<p>\u2013 Renforcer les capacit\u00e9s de gestion du Service de l\u2019environnement de la RN ainsi que celles des communes, en particulier Riyad, pour am\u00e9liorer la gestion de l\u2019eau et de l\u2019assainissement.<\/p>\n<p><strong><u>ACTIVITES<\/u><\/strong><\/p>\n<p>\u2013 Mise en place d\u2019un r\u00e9seau d\u2019eau potable\u00a0;<\/p>\n<p>\u2013 R\u00e9alisation des branchements particuliers\u00a0;<\/p>\n<p>\u2013 Construction des BFs<\/p>\n<p>\u2013 Construction des toilettes en milieu scolaire\u00a0;<\/p>\n<p>\u2013 Construction des toilettes publiques dans les march\u00e9s\u00a0;<\/p>\n<p>\u2013 construction des toilettes dans les Centres de sant\u00e9\u00a0;<\/p>\n<p>\u2013 R\u00e9alisation d\u2019une \u00e9tude sur les boues de vidanges\u00a0;<\/p>\n<p>\u2013 Sensibilisation des m\u00e9nages, des \u00e9coles et les g\u00e9rants des infrastructures publiques<\/p>\n<p><strong><u>Financement\u00a0:<\/u><\/strong><\/p>\n<p>Budget total :\u00a0<strong>68 516323<\/strong><strong>MRU<\/strong><\/p>\n<p><strong>\u00a0<\/strong><\/p>\n<p>ContributionLausanne\u00a0:\u00a0<strong>45\u00a0341\u00a0951 MRU<\/strong><\/p>\n<p>Contribution RN :\u00a0 \u00a0\u00a0<strong>9\u00a0855\u00a0972 MRU<\/strong><\/p>\n<p>Contribution AIMF :\u00a0\u00a0<strong>13\u00a0318400<\/strong><strong>\u00a0MRU<\/strong><\/p>\n<p><strong><u>RESULTATS<\/u><\/strong><\/p>\n<p>Extension du R\u00e9seau AEP de 70 km<\/p>\n<p>R\u00e9alisation de 1000 branchements priv\u00e9s (Objectif d\u00e9pass\u00e9 de 2150 BP)<\/p>\n<p>Construction de 2 BF<\/p>\n<p>Construction de 112 cabines de latrines scolaires dans 14 \u00e9coles<\/p>\n<p>Raccordement au r\u00e9seau d\u2019eau de 16 \u00e9coles<\/p>\n<p>Construction des toilettes publiques dans 3 centres de sant\u00e9<\/p>\n<p>Construction de toilettes publiques dans 3 march\u00e9s publics<\/p>\n<p>R\u00e9alisation d\u2019un diagnostic sur la valorisation des boues de vidanges<\/p>\n<p>Sensibilisation des m\u00e9nages et formations des divers intervenants<\/p>\n<p><strong><u>Contact\u00a0:<\/u><\/strong>R\u00e9gion de Nouakchott \u2013 Projet PCAEA 2<\/p>\n<p>Rue Baccar OuldSoueid\u2019 ahmed Porte 207, BP 5207<\/p>\n<h2><a href=\"https:\/\/crn.mr\/fr\/category\/pcaea2\/\">Actualites de PCAEA2<\/a><\/h2>\n","protected":false},"excerpt":{"rendered":"<p>Projet communautaire Pour l\u2019Acc\u00e8s \u00e0 l\u2019Eau et l\u2019Assainissement \u2013 Phase 2\u00a0(PCAEA 2) Contexte du projet\u00a0: Am\u00e9liorer l\u2019acc\u00e8s \u00e0 l\u2019eau et \u00e0 l\u2019assainissement des populations d\u00e9favoris\u00e9es de la ville de Nouakchott, mais aussi de fa\u00e7on induite avoir un impact dans d\u2019autres domaines, tels que la sant\u00e9 ou l\u2019\u00e9ducation OBJECTIFS G\u00e9n\u00e9ral\u00a0: Dans le cadre de sa politique [&hellip;]<\/p>\n","protected":false},"author":1,"featured_media":0,"parent":0,"menu_order":0,"comment_status":"closed","ping_status":"closed","template":"","meta":{"om_disable_all_campaigns":false,"footnotes":""},"class_list":["post-6342","page","type-page","status-publish","hentry"],"jetpack_sharing_enabled":true,"_links":{"self":[{"href":"https:\/\/region-nouakchott.mr\/fr\/index.php?rest_route=\/wp\/v2\/pages\/6342","targetHints":{"allow":["GET"]}}],"collection":[{"href":"https:\/\/region-nouakchott.mr\/fr\/index.php?rest_route=\/wp\/v2\/pages"}],"about":[{"href":"https:\/\/region-nouakchott.mr\/fr\/index.php?rest_route=\/wp\/v2\/types\/page"}],"author":[{"embeddable":true,"href":"https:\/\/region-nouakchott.mr\/fr\/index.php?rest_route=\/wp\/v2\/users\/1"}],"replies":[{"embeddable":true,"href":"https:\/\/region-nouakchott.mr\/fr\/index.php?rest_route=%2Fwp%2Fv2%2Fcomments&post=6342"}],"version-history":[{"count":1,"href":"https:\/\/region-nouakchott.mr\/fr\/index.php?rest_route=\/wp\/v2\/pages\/6342\/revisions"}],"predecessor-version":[{"id":6344,"href":"https:\/\/region-nouakchott.mr\/fr\/index.php?rest_route=\/wp\/v2\/pages\/6342\/revisions\/6344"}],"wp:attachment":[{"href":"https:\/\/region-nouakchott.mr\/fr\/index.php?rest_route=%2Fwp%2Fv2%2Fmedia&parent=6342"}],"curies":[{"name":"wp","href":"https:\/\/api.w.org\/{rel}","templated":true}]}}