{"id":6491,"date":"2022-02-03T10:02:42","date_gmt":"2022-02-03T10:02:42","guid":{"rendered":"https:\/\/crn.mr\/fr\/?page_id=6491"},"modified":"2024-11-02T17:18:46","modified_gmt":"2024-11-02T17:18:46","slug":"arenddre","status":"publish","type":"page","link":"https:\/\/region-nouakchott.mr\/fr\/?page_id=6491","title":{"rendered":"ARENDDRE"},"content":{"rendered":"<p><a href=\"https:\/\/crn.mr\/fr\/fiches-synthetiques-projets-prioritaires-en-francais\/\" rel=\"noopener\"><strong>Fiches synth\u00e9tiques projets prioritaires en fran\u00e7ais<\/strong><\/a><\/p>\n<p><a href=\"https:\/\/crn.mr\/fr\/summary-sheets-of-priority-projects-in-english\/\" rel=\"noopener\"><strong>Summary sheets of priority projects in English<\/strong><\/a><\/p>\n<p><a href=\"https:\/\/crn.mr\/fr\/wp-content\/uploads\/2022\/02\/Presentation-_contexte_Nouakchott_ARENDDRE_V2.pptx\">Pr\u00e9sentation _contexte_Nouakchott_ARENDDRE_V2<\/a><\/p>\n<p><a href=\"https:\/\/crn.mr\/fr\/category\/arenddre\/\">ACTUALITES DE ARENDDRE<\/a><\/p>\n<p>&nbsp;<\/p>\n","protected":false},"excerpt":{"rendered":"<p>Fiches synth\u00e9tiques projets prioritaires en fran\u00e7ais Summary sheets of priority projects in English Pr\u00e9sentation _contexte_Nouakchott_ARENDDRE_V2 ACTUALITES DE ARENDDRE &nbsp;<\/p>\n","protected":false},"author":1,"featured_media":0,"parent":0,"menu_order":0,"comment_status":"closed","ping_status":"closed","template":"","meta":{"om_disable_all_campaigns":false,"footnotes":""},"class_list":["post-6491","page","type-page","status-publish","hentry"],"jetpack_sharing_enabled":true,"_links":{"self":[{"href":"https:\/\/region-nouakchott.mr\/fr\/index.php?rest_route=\/wp\/v2\/pages\/6491","targetHints":{"allow":["GET"]}}],"collection":[{"href":"https:\/\/region-nouakchott.mr\/fr\/index.php?rest_route=\/wp\/v2\/pages"}],"about":[{"href":"https:\/\/region-nouakchott.mr\/fr\/index.php?rest_route=\/wp\/v2\/types\/page"}],"author":[{"embeddable":true,"href":"https:\/\/region-nouakchott.mr\/fr\/index.php?rest_route=\/wp\/v2\/users\/1"}],"replies":[{"embeddable":true,"href":"https:\/\/region-nouakchott.mr\/fr\/index.php?rest_route=%2Fwp%2Fv2%2Fcomments&post=6491"}],"version-history":[{"count":5,"href":"https:\/\/region-nouakchott.mr\/fr\/index.php?rest_route=\/wp\/v2\/pages\/6491\/revisions"}],"predecessor-version":[{"id":9316,"href":"https:\/\/region-nouakchott.mr\/fr\/index.php?rest_route=\/wp\/v2\/pages\/6491\/revisions\/9316"}],"wp:attachment":[{"href":"https:\/\/region-nouakchott.mr\/fr\/index.php?rest_route=%2Fwp%2Fv2%2Fmedia&parent=6491"}],"curies":[{"name":"wp","href":"https:\/\/api.w.org\/{rel}","templated":true}]}}